{"id":480,"date":"2015-03-07T14:11:48","date_gmt":"2015-03-07T14:11:48","guid":{"rendered":"http:\/\/torsakerbluegrassfestival.se\/?page_id=480"},"modified":"2024-11-21T14:40:21","modified_gmt":"2024-11-21T14:40:21","slug":"accommodation","status":"publish","type":"page","link":"http:\/\/torsakerbluegrassfestival.se\/en\/accommodation\/","title":{"rendered":"Accommodation, shopping and experience"},"content":{"rendered":"\n<blockquote class=\"wp-block-quote is-layout-flow wp-block-quote-is-layout-flow\">\n<p class=\"has-medium-font-size\">&#8220;Regardless of whether you want to live close to nature or in the middle of the village, there are various options to choose from. During the festival, like many others, you can camp at our Bluegrass camp in the middle of the village close to the festival area. Whether you want to camp, take the caravan or motorhome, there is room for you. At Ica, the local grocery store you&#8217;ll find everything you need for a festival weekend and take the opportunity to eat and drink well at the restaurant G\u00e4stis.\u201d<\/p>\n<cite>Katarina Petersson, president <\/cite><\/blockquote>\n\n\n\n<hr class=\"wp-block-separator has-alpha-channel-opacity\"\/>\n\n\n\n<h2 class=\"wp-block-heading\">BLUEGRASS CAMP \u2013 Tors\u00e5kers IF<\/h2>\n\n\n\n<p>If, like many, you want to stay at the Bluegrass camp at IP, make sure to pre-book your place in time! Booking, information and contact takes place via <a href=\"https:\/\/www.torsakersif.se\/bluegrass\" data-type=\"URL\" data-id=\"https:\/\/www.torsakersif.se\/bluegrass\" target=\"_blank\" rel=\"noreferrer noopener\">www.torsakersif.se\/bluegrass<\/a><\/p>\n\n\n\n<h2 class=\"wp-block-heading\">BLUEGRASS WILD CAMP &#8211; Festival area<\/h2>\n\n\n\n<p>This year we\u00b4re opening up a camping area, right by the festival. Bluegrass Wild camp is located close to the festival area so you\u00b4ll have access to both showers and restrooms, but no electricity. Book a place via bokatorsaker@gmail.com <\/p>\n\n\n\n<h3 class=\"wp-block-heading\">M\u00c5RTENS G\u00c5RD<\/h3>\n\n\n\n<p>Just outside Tors\u00e5ker you will find super cozy accommodation on the farm M\u00e5rtens in H\u00e4stbo. In the beautiful baker&#8217;s cottage from 1811 there are 5 rooms and 8 beds and is perfect for those who want to live in the countryside. During the summer, the farm shop is open and there is also a caf\u00e9. You can find more information on their website <a href=\"https:\/\/martensihastbo.se\/\" data-type=\"URL\" data-id=\"https:\/\/martensihastbo.se\/\" target=\"_blank\" rel=\"noreferrer noopener\">martensihastbo.se<\/a><\/p>\n\n\n\n<h3 class=\"wp-block-heading\">GOLFVILLAN BnB<\/h3>\n\n\n\n<p>Golfvillan BnB is located next to Hofors Golf Club with a view of the lake Storg\u00f6sken. Here you&#8217;ll find one of Sweden&#8217;s most beautiful 18-hole courses with its own restaurant. The golf villa offers 8 double rooms with a high standard and its own fully tiled bathroom. Another room is available with 3 beds in a bunk bed. There is also a suite to book with 8 beds and its own balcony. Extra beds are available if needed. The golf villa has large living rooms such as the family room, and a fully equipped kitchen. Residents in the Golf villa have a discount on the green fee and access to the sauna tub by the lake. Check out their website: <a rel=\"noreferrer noopener\" href=\"https:\/\/www.golfvillanbnb.se\/\" data-type=\"URL\" data-id=\"https:\/\/www.golfvillanbnb.se\/\" target=\"_blank\">www.gulavillanbnb.se<\/a><\/p>\n\n\n\n<h3 class=\"wp-block-heading\">L\u00e5ngn\u00e4s Herrg\u00e5rd<\/h3>\n\n\n\n<p>At Lake Stor-G\u00f6sken, close to nature and swimming and only 200 meters to the first tee at Hofors Golf Club and Hofors Padel, our renovated and modernized 19th-century farmhouse is available for rent. The cottage is fully equipped for self-catering for four people with bedroom, kitchen and dining area, and shower. In addition, there are amenities such as a sofa corner with TV, Wi-Fi, and a patio with a view of the lake and golf course, as well as barbecue facilities. Check out their website: <a href=\"https:\/\/visthuset.nu\/\" target=\"_blank\" rel=\"noreferrer noopener\">visthuset.nu<\/a><\/p>\n\n\n\n<p>Tips on accommodation and other excursion destinations can be found at www.visithofors.se<\/p>\n\n\n\n<h3 class=\"wp-block-heading\">Tourist agency<\/h3>\n\n\n\n<p>Phone: <a href=\"tel:0290-771401\">+46290-77 14 01<\/a>&nbsp; Mail: <a title=\"\" href=\"mailto:focus@hofors.se\">focus@hofors.s<\/a>e<\/p>\n\n\n\n<hr class=\"wp-block-separator has-alpha-channel-opacity\"\/>\n\n\n\n<h2 class=\"wp-block-heading\">Shopping<\/h2>\n\n\n\n<h3 class=\"wp-block-heading\">Ica TorCenter<\/h3>\n\n\n\n<p>You don&#8217;t have to go far to find most things. At Ica TorCenter, the local grocery store in the middle of the village, there is a good selection to fill up the fridge in the caravan, for a great festival picnic or if you need a stamp. ICA is open every day between 08:00 and 20:00 and the address is Berglins v\u00e4g 8.<\/p>\n\n\n\n<h3 class=\"wp-block-heading\">Gulf Tors\u00e5ker <\/h3>\n\n\n\n<p>Fuel, leisure accessories, fishing licenses, mosquito nets, bicycle hose and everything else that may be needed for a festival can be found at this store in Tors\u00e5ker! We also want to tell you about their &#8220;Lifeguard&#8221;. Imagine waking up after a lovely festival weekend and feeling like you need a little extra energy, what&#8217;s better than two sausages with mash and prawn salad! A lifesaver! <br>The address is Solbergaleden 26.<\/p>\n\n\n\n<h3 class=\"wp-block-heading\">G\u00e4stis<\/h3>\n\n\n\n<p>G\u00e4stis has for many many years served us good \u00e1 la cart, hamburgers and pizza. This is where we have our meetings when the festivals are to be planned and this is where you go when you want to offer a nicer dinner. Did you know they have a pizza called Bluegrass! If you plan to eat, please book a table to be sure of getting a seat! <br><strong>Phone<\/strong>: +46290-40940 <strong>Address: <\/strong>Gamla Landsv\u00e4gen 7.<\/p>\n\n\n\n<h3 class=\"wp-block-heading\">Tors\u00e5ker&#8217;s Blommor<\/h3>\n\n\n\n<p>When you&#8217;re in the village and craving a really good coffee, take the opportunity to visit Tors\u00e5ker Blommor. Not only is coffee and home-baked cake served here, but you will also find everything from cut flowers, bouquets and lots of other nice things to plant outside. <\/p>\n\n\n\n<hr class=\"wp-block-separator has-alpha-channel-opacity\"\/>\n\n\n\n<h2 class=\"wp-block-heading\">EXPERIENCE<\/h2>\n\n\n\n<p class=\"has-medium-font-size\">&#8220;Visiting Tors\u00e5ker can be an experience in itself and we want to take the opportunity to share with you more to discover when you visit us. Of course, there is more to experiece and feel free to ask us who live there when you are visiting.\u201d<\/p>\n\n\n\n<h3 class=\"wp-block-heading\">Geranium museum<\/h3>\n\n\n\n<p>At Linda you can both see and buy over 250 different types of geraniums! In addition to gorge in geraniums, you can find fine interior details and garden plants. At your visit, you can take the opportunity to have a coffee and taste geranium cake. This is as cozy as it gets! It is the Geranium Museum that stands for the fine floral creations that adorn our bluegrass scene. Check out their new website <a href=\"https:\/\/www.pelargonmuseet.se\/\" data-type=\"URL\" data-id=\"https:\/\/www.pelargonmuseet.se\/\" target=\"_blank\" rel=\"noreferrer noopener\">pelargonmuseet.se<\/a><\/p>\n\n\n\n<h3 class=\"wp-block-heading\">A cooling dip<\/h3>\n\n\n\n<p>Something that is wonderful is cooling off a sun-warmed body in a sparkling lake. There are more swimming lakes to choose from, but the closest are Malmj\u00e4rn and S\u00e4ljsj\u00f6n.<\/p>\n\n\n\n<h3 class=\"wp-block-heading\">Industrial history<\/h3>\n\n\n\n<p>If you&#8217;re interested in industrial history, then you have come to the right place. Visit Storberget&#8217;s mines, take a guided tour and get the story of the watchful mine lady and how 12 out-of-parish men lost their lives when they didn&#8217;t listen to her warnings. The mining of ore in Storberget laid the foundation for G\u00e4vle harbour and is a large part of our region&#8217;s history.<\/p>\n\n\n\n<h3 class=\"wp-block-heading\">Gammelstilla bruk<\/h3>\n\n\n\n<p>In the middle of this industrial idyll you will find the cozy caf\u00e9 and a whiskey distillery. Here there is art, a flea market and an interior design shop. You can find more information of this place at their website <a href=\"https:\/\/www.gammelstillawhisky.se\/en\/\" data-type=\"URL\" data-id=\"https:\/\/www.gammelstillawhisky.se\/en\/\" target=\"_blank\" rel=\"noreferrer noopener\">gammelstillahwhisky.se<\/a><\/p>\n\n\n\n<div class=\"wp-block-columns is-layout-flex wp-container-core-columns-is-layout-9d6595d7 wp-block-columns-is-layout-flex\">\n<div class=\"wp-block-column is-layout-flow wp-block-column-is-layout-flow\" style=\"flex-basis:33.33%\">\n<figure class=\"wp-block-image size-large\"><img loading=\"lazy\" decoding=\"async\" width=\"1024\" height=\"867\" src=\"https:\/\/torsakerbluegrassfestival.se\/wp-content\/uploads\/2024\/11\/turistmagasin-1024x867.png\" alt=\"\" class=\"wp-image-2251\" srcset=\"http:\/\/torsakerbluegrassfestival.se\/wp-content\/uploads\/2024\/11\/turistmagasin-1024x867.png 1024w, http:\/\/torsakerbluegrassfestival.se\/wp-content\/uploads\/2024\/11\/turistmagasin-300x254.png 300w, http:\/\/torsakerbluegrassfestival.se\/wp-content\/uploads\/2024\/11\/turistmagasin-768x650.png 768w, http:\/\/torsakerbluegrassfestival.se\/wp-content\/uploads\/2024\/11\/turistmagasin-1536x1301.png 1536w, http:\/\/torsakerbluegrassfestival.se\/wp-content\/uploads\/2024\/11\/turistmagasin-2048x1734.png 2048w\" sizes=\"auto, (max-width: 1024px) 100vw, 1024px\" \/><\/figure>\n<\/div>\n\n\n\n<div class=\"wp-block-column is-layout-flow wp-block-column-is-layout-flow\" style=\"flex-basis:66.66%\">\n<h3 class=\"wp-block-heading\">More to experience and visit<\/h3>\n\n\n\n<p>For more tips on places to visit and experience, we would like to recommend visiting website <a href=\"https:\/\/www.visithofors.se\/\" data-type=\"URL\" data-id=\"https:\/\/www.visithofors.se\/\" target=\"_blank\" rel=\"noreferrer noopener\">visithofors.se <\/a><br>Be sure to get your hands on a copy of the magazine Upplev Hofors!<\/p>\n\n\n\n<p>Also have a look at <a href=\"https:\/\/gastrikland.se\/sv\" data-type=\"URL\" data-id=\"https:\/\/gastrikland.se\/sv\" target=\"_blank\" rel=\"noreferrer noopener\">gastrikland.se<\/a> for lots of great tips on places to visit and places not to be missed!<\/p>\n<\/div>\n<\/div>\n\n\n\n<p class=\"has-text-align-center\">&nbsp;<\/p>\n","protected":false},"excerpt":{"rendered":"<p>&#8220;Regardless of whether you want to live close to nature or in the middle of the village, there are various options to choose from. During the festival, like many others, you can camp at our Bluegrass camp in the middle of the village close to the festival area. Whether you <a href=\"http:\/\/torsakerbluegrassfestival.se\/en\/accommodation\/\" class=\"btn btn-link continue-link\">Continue Reading<\/a><\/p>\n","protected":false},"author":1,"featured_media":0,"parent":0,"menu_order":0,"comment_status":"closed","ping_status":"open","template":"","meta":{"footnotes":""},"class_list":["post-480","page","type-page","status-publish","hentry"],"_links":{"self":[{"href":"http:\/\/torsakerbluegrassfestival.se\/en\/wp-json\/wp\/v2\/pages\/480","targetHints":{"allow":["GET"]}}],"collection":[{"href":"http:\/\/torsakerbluegrassfestival.se\/en\/wp-json\/wp\/v2\/pages"}],"about":[{"href":"http:\/\/torsakerbluegrassfestival.se\/en\/wp-json\/wp\/v2\/types\/page"}],"author":[{"embeddable":true,"href":"http:\/\/torsakerbluegrassfestival.se\/en\/wp-json\/wp\/v2\/users\/1"}],"replies":[{"embeddable":true,"href":"http:\/\/torsakerbluegrassfestival.se\/en\/wp-json\/wp\/v2\/comments?post=480"}],"version-history":[{"count":27,"href":"http:\/\/torsakerbluegrassfestival.se\/en\/wp-json\/wp\/v2\/pages\/480\/revisions"}],"predecessor-version":[{"id":2254,"href":"http:\/\/torsakerbluegrassfestival.se\/en\/wp-json\/wp\/v2\/pages\/480\/revisions\/2254"}],"wp:attachment":[{"href":"http:\/\/torsakerbluegrassfestival.se\/en\/wp-json\/wp\/v2\/media?parent=480"}],"curies":[{"name":"wp","href":"https:\/\/api.w.org\/{rel}","templated":true}]}}